
{"id":696,"date":"2023-12-19T09:22:00","date_gmt":"2023-12-19T09:22:00","guid":{"rendered":"https:\/\/monacopourlemploi.com\/?page_id=696"},"modified":"2025-11-01T03:12:57","modified_gmt":"2025-11-01T03:12:57","slug":"editorial","status":"publish","type":"page","link":"https:\/\/monacopourlemploi.com\/?page_id=696","title":{"rendered":"xxx_Editorial"},"content":{"rendered":"\t\t<div data-elementor-type=\"wp-page\" data-elementor-id=\"696\" class=\"elementor elementor-696\" data-elementor-settings=\"{&quot;element_pack_global_tooltip_width&quot;:{&quot;unit&quot;:&quot;px&quot;,&quot;size&quot;:&quot;&quot;,&quot;sizes&quot;:[]},&quot;element_pack_global_tooltip_width_tablet&quot;:{&quot;unit&quot;:&quot;px&quot;,&quot;size&quot;:&quot;&quot;,&quot;sizes&quot;:[]},&quot;element_pack_global_tooltip_width_mobile&quot;:{&quot;unit&quot;:&quot;px&quot;,&quot;size&quot;:&quot;&quot;,&quot;sizes&quot;:[]},&quot;element_pack_global_tooltip_padding&quot;:{&quot;unit&quot;:&quot;px&quot;,&quot;top&quot;:&quot;&quot;,&quot;right&quot;:&quot;&quot;,&quot;bottom&quot;:&quot;&quot;,&quot;left&quot;:&quot;&quot;,&quot;isLinked&quot;:true},&quot;element_pack_global_tooltip_padding_tablet&quot;:{&quot;unit&quot;:&quot;px&quot;,&quot;top&quot;:&quot;&quot;,&quot;right&quot;:&quot;&quot;,&quot;bottom&quot;:&quot;&quot;,&quot;left&quot;:&quot;&quot;,&quot;isLinked&quot;:true},&quot;element_pack_global_tooltip_padding_mobile&quot;:{&quot;unit&quot;:&quot;px&quot;,&quot;top&quot;:&quot;&quot;,&quot;right&quot;:&quot;&quot;,&quot;bottom&quot;:&quot;&quot;,&quot;left&quot;:&quot;&quot;,&quot;isLinked&quot;:true},&quot;element_pack_global_tooltip_border_radius&quot;:{&quot;unit&quot;:&quot;px&quot;,&quot;top&quot;:&quot;&quot;,&quot;right&quot;:&quot;&quot;,&quot;bottom&quot;:&quot;&quot;,&quot;left&quot;:&quot;&quot;,&quot;isLinked&quot;:true},&quot;element_pack_global_tooltip_border_radius_tablet&quot;:{&quot;unit&quot;:&quot;px&quot;,&quot;top&quot;:&quot;&quot;,&quot;right&quot;:&quot;&quot;,&quot;bottom&quot;:&quot;&quot;,&quot;left&quot;:&quot;&quot;,&quot;isLinked&quot;:true},&quot;element_pack_global_tooltip_border_radius_mobile&quot;:{&quot;unit&quot;:&quot;px&quot;,&quot;top&quot;:&quot;&quot;,&quot;right&quot;:&quot;&quot;,&quot;bottom&quot;:&quot;&quot;,&quot;left&quot;:&quot;&quot;,&quot;isLinked&quot;:true}}\" data-elementor-post-type=\"page\">\n\t\t\t\t<div class=\"elementor-element elementor-element-b1a5965 e-flex e-con-boxed e-con e-parent\" data-id=\"b1a5965\" data-element_type=\"container\">\n\t\t\t\t\t<div class=\"e-con-inner\">\n\t\t<div class=\"elementor-element elementor-element-a0ffb0c e-con-full e-flex e-con e-child\" data-id=\"a0ffb0c\" data-element_type=\"container\" data-settings=\"{&quot;sticky&quot;:&quot;top&quot;,&quot;sticky_on&quot;:[&quot;desktop&quot;],&quot;sticky_offset&quot;:110,&quot;sticky_parent&quot;:&quot;yes&quot;,&quot;sticky_effects_offset&quot;:0,&quot;sticky_anchor_link_offset&quot;:0}\">\n\t\t\t\t<div class=\"elementor-element elementor-element-0bdb651 elementor-widget elementor-widget-image\" data-id=\"0bdb651\" data-element_type=\"widget\" data-widget_type=\"image.default\">\n\t\t\t\t<div class=\"elementor-widget-container\">\n\t\t\t\t\t\t\t\t\t\t\t\t\t\t\t<img fetchpriority=\"high\" decoding=\"async\" width=\"500\" height=\"540\" src=\"https:\/\/monacopourlemploi.com\/wp-content\/uploads\/2024\/10\/ROBINO_web2.png\" class=\"attachment-large size-large wp-image-1266\" alt=\"\" srcset=\"https:\/\/monacopourlemploi.com\/wp-content\/uploads\/2024\/10\/ROBINO_web2.png 500w, https:\/\/monacopourlemploi.com\/wp-content\/uploads\/2024\/10\/ROBINO_web2-278x300.png 278w\" sizes=\"(max-width: 500px) 100vw, 500px\" \/>\t\t\t\t\t\t\t\t\t\t\t\t\t\t\t<\/div>\n\t\t\t\t<\/div>\n\t\t\t\t<div class=\"elementor-element elementor-element-12f3ba4 elementor-widget elementor-widget-text-editor\" data-id=\"12f3ba4\" data-element_type=\"widget\" data-widget_type=\"text-editor.default\">\n\t\t\t\t<div class=\"elementor-widget-container\">\n\t\t\t\t\t\t\t\t\t<p><strong>Christophe ROBINO<\/strong><br \/>Conseiller de Gouvernement \u2013 Ministre des Affaires Sociales et la Sant\u00e9<\/p>\t\t\t\t\t\t\t\t<\/div>\n\t\t\t\t<\/div>\n\t\t\t\t<\/div>\n\t\t<div class=\"elementor-element elementor-element-b74d846 e-con-full e-flex e-con e-child\" data-id=\"b74d846\" data-element_type=\"container\">\n\t\t\t\t<div class=\"elementor-element elementor-element-07d9f06 elementor-widget elementor-widget-heading\" data-id=\"07d9f06\" data-element_type=\"widget\" data-widget_type=\"heading.default\">\n\t\t\t\t<div class=\"elementor-widget-container\">\n\t\t\t\t\t<h2 class=\"elementor-heading-title elementor-size-default\">Chers Partenaires,<\/h2>\t\t\t\t<\/div>\n\t\t\t\t<\/div>\n\t\t\t\t<div class=\"elementor-element elementor-element-2172322 elementor-widget elementor-widget-text-editor\" data-id=\"2172322\" data-element_type=\"widget\" data-widget_type=\"text-editor.default\">\n\t\t\t\t<div class=\"elementor-widget-container\">\n\t\t\t\t\t\t\t\t\t<p>J\u2019ai le plaisir de vous convier \u00e0 participer au forum Monaco pour l\u2019Emploi, qui se tiendra le&nbsp;<span style=\"font-family: NeulisAlt, serif;\">lundi 24 f\u00e9vrier 2025<\/span>, \u00e0 l\u2019Espace Diaghilev du Grimaldi Forum de Monaco.<\/p>\n<p>Fort de plus de 5000 visiteurs en f\u00e9vrier 2024, le Gouvernement Princier a souhait\u00e9 reconduire cet \u00e9v\u00e8nement en 2025.<\/p>\n<p>Le travail est le moteur de notre \u00e9conomie. Travailler \u00e0 Monaco offre aux demandeurs d\u2019emploi des bassins azur\u00e9en ligure et au-del\u00e0 une plus grande s\u00e9curit\u00e9, des opportunit\u00e9s d\u2019avenir pour leurs emplois dans des infrastructures de premier ordre, tourn\u00e9es vers international et des perspectives de carri\u00e8re vari\u00e9es. Ce rendez-vous annuel a pour objectif de les rencontrer, d\u2019\u00e9changer et de cr\u00e9er des opportunit\u00e9s professionnelles prometteuses.<\/p>\n<p>Monaco est cosmopolite et accueille des talents du monde entier. Cette diversit\u00e9 culturelle offre un environnement dynamique o\u00f9 les professionnels interagissent et apprennent les uns des autres. Cela implique de cr\u00e9er un \u00e9cosyst\u00e8me qui encourage l\u2019innovation et la cr\u00e9ativit\u00e9 pour un avenir prosp\u00e8re de l\u2019emploi en Principaut\u00e9.<\/p>\n<p>C\u2019est en collaborant ensemble, employeurs, employ\u00e9s, syndicats, f\u00e9d\u00e9rations et entreprises, que nous pourrons fa\u00e7onner un avenir du travail inclusif, durable et \u00e9panouissant pour tous.<\/p>\n<p>C\u2019est un d\u00e9fi que nous devons relever collectivement, avec d\u00e9termination et engagement.<\/p>\n<p>Bienvenue au forum de recrutement de la Principaut\u00e9, Monaco pour l\u2019Emploi !<\/p>\n<p><strong>Christophe ROBINO<\/strong><\/p>\t\t\t\t\t\t\t\t<\/div>\n\t\t\t\t<\/div>\n\t\t\t\t<\/div>\n\t\t\t\t\t<\/div>\n\t\t\t\t<\/div>\n\t\t\t\t<\/div>\n\t\t <script type=\"text\/javascript\"> if (typeof(f_tFlgVISA) === typeof(Function))  \tf_tFlgVISA(null);  if (typeof(f_tFlgAllergia) === typeof(Function))  \tf_tFlgAllergia(null);  if (typeof(f_IDTipologia) === typeof(Function)) {  \tvar eObjTYPE = document.getElementById(\"id_IDTipologia\");  \tf_IDTipologia(eObjTYPE);  }  if (typeof(f_IDAttivita) === typeof(Function)) {  \tvar etFlgActivity = document.getElementById(\"id_IDAttivita\");  \tf_IDAttivita(etFlgActivity);  }  if (typeof(f_IDNazionalita) === typeof(Function)) {  \tvar etFlgNazionalita = document.getElementById(\"id_IDNazionalita\");  \tf_IDNazionalita(etFlgNazionalita);  }  if (typeof(f_IndFattIDNazione) === typeof(Function))  \tf_IndFattIDNazione(null);  if (typeof(f_IDDomanda16787) === typeof(Function)) {  \tvar etFlgDomanda16787 = document.getElementById(\"id_IDDomanda16787\");  \tif (etFlgDomanda16787 != null) {  \t\tf_IDDomanda16787(etFlgDomanda16787);  \t}  }  if (typeof(f_IDDomanda16793) === typeof(Function)) {  \tvar etFlgDomanda16793 = document.getElementById(\"id_IDDomanda16793\");  \tif (etFlgDomanda16793 != null) {  \t\tf_IDDomanda16793(etFlgDomanda16793);  \t}  }  <\/script>","protected":false},"excerpt":{"rendered":"<p>Christophe ROBINOConseiller de Gouvernement \u2013 Ministre des Affaires Sociales et la Sant\u00e9 Chers Partenaires, J\u2019ai le plaisir de vous convier \u00e0 participer [&hellip;]<\/p>\n","protected":false},"author":1,"featured_media":0,"parent":1151,"menu_order":999,"comment_status":"closed","ping_status":"closed","template":"","meta":{"footnotes":""},"class_list":["post-696","page","type-page","status-publish","hentry"],"_links":{"self":[{"href":"https:\/\/monacopourlemploi.com\/index.php?rest_route=\/wp\/v2\/pages\/696","targetHints":{"allow":["GET"]}}],"collection":[{"href":"https:\/\/monacopourlemploi.com\/index.php?rest_route=\/wp\/v2\/pages"}],"about":[{"href":"https:\/\/monacopourlemploi.com\/index.php?rest_route=\/wp\/v2\/types\/page"}],"author":[{"embeddable":true,"href":"https:\/\/monacopourlemploi.com\/index.php?rest_route=\/wp\/v2\/users\/1"}],"replies":[{"embeddable":true,"href":"https:\/\/monacopourlemploi.com\/index.php?rest_route=%2Fwp%2Fv2%2Fcomments&post=696"}],"version-history":[{"count":18,"href":"https:\/\/monacopourlemploi.com\/index.php?rest_route=\/wp\/v2\/pages\/696\/revisions"}],"predecessor-version":[{"id":1993,"href":"https:\/\/monacopourlemploi.com\/index.php?rest_route=\/wp\/v2\/pages\/696\/revisions\/1993"}],"up":[{"embeddable":true,"href":"https:\/\/monacopourlemploi.com\/index.php?rest_route=\/wp\/v2\/pages\/1151"}],"wp:attachment":[{"href":"https:\/\/monacopourlemploi.com\/index.php?rest_route=%2Fwp%2Fv2%2Fmedia&parent=696"}],"curies":[{"name":"wp","href":"https:\/\/api.w.org\/{rel}","templated":true}]}}