{"id":299,"date":"2023-12-08T08:16:22","date_gmt":"2023-12-08T08:16:22","guid":{"rendered":"https:\/\/monacopourlemploi.com\/?page_id=299"},"modified":"2025-11-13T13:05:59","modified_gmt":"2025-11-13T13:05:59","slug":"je-reserve-mon-stand","status":"publish","type":"page","link":"https:\/\/monacopourlemploi.com\/?page_id=299","title":{"rendered":"Je r\u00e9serve mon stand"},"content":{"rendered":"\t\t<div data-elementor-type=\"wp-page\" data-elementor-id=\"299\" class=\"elementor elementor-299\" data-elementor-settings=\"{&quot;element_pack_global_tooltip_width&quot;:{&quot;unit&quot;:&quot;px&quot;,&quot;size&quot;:&quot;&quot;,&quot;sizes&quot;:[]},&quot;element_pack_global_tooltip_width_tablet&quot;:{&quot;unit&quot;:&quot;px&quot;,&quot;size&quot;:&quot;&quot;,&quot;sizes&quot;:[]},&quot;element_pack_global_tooltip_width_mobile&quot;:{&quot;unit&quot;:&quot;px&quot;,&quot;size&quot;:&quot;&quot;,&quot;sizes&quot;:[]},&quot;element_pack_global_tooltip_padding&quot;:{&quot;unit&quot;:&quot;px&quot;,&quot;top&quot;:&quot;&quot;,&quot;right&quot;:&quot;&quot;,&quot;bottom&quot;:&quot;&quot;,&quot;left&quot;:&quot;&quot;,&quot;isLinked&quot;:true},&quot;element_pack_global_tooltip_padding_tablet&quot;:{&quot;unit&quot;:&quot;px&quot;,&quot;top&quot;:&quot;&quot;,&quot;right&quot;:&quot;&quot;,&quot;bottom&quot;:&quot;&quot;,&quot;left&quot;:&quot;&quot;,&quot;isLinked&quot;:true},&quot;element_pack_global_tooltip_padding_mobile&quot;:{&quot;unit&quot;:&quot;px&quot;,&quot;top&quot;:&quot;&quot;,&quot;right&quot;:&quot;&quot;,&quot;bottom&quot;:&quot;&quot;,&quot;left&quot;:&quot;&quot;,&quot;isLinked&quot;:true},&quot;element_pack_global_tooltip_border_radius&quot;:{&quot;unit&quot;:&quot;px&quot;,&quot;top&quot;:&quot;&quot;,&quot;right&quot;:&quot;&quot;,&quot;bottom&quot;:&quot;&quot;,&quot;left&quot;:&quot;&quot;,&quot;isLinked&quot;:true},&quot;element_pack_global_tooltip_border_radius_tablet&quot;:{&quot;unit&quot;:&quot;px&quot;,&quot;top&quot;:&quot;&quot;,&quot;right&quot;:&quot;&quot;,&quot;bottom&quot;:&quot;&quot;,&quot;left&quot;:&quot;&quot;,&quot;isLinked&quot;:true},&quot;element_pack_global_tooltip_border_radius_mobile&quot;:{&quot;unit&quot;:&quot;px&quot;,&quot;top&quot;:&quot;&quot;,&quot;right&quot;:&quot;&quot;,&quot;bottom&quot;:&quot;&quot;,&quot;left&quot;:&quot;&quot;,&quot;isLinked&quot;:true}}\" data-elementor-post-type=\"page\">\n\t\t\t\t<div class=\"elementor-element elementor-element-74e371c e-flex e-con-boxed e-con e-parent\" data-id=\"74e371c\" data-element_type=\"container\">\n\t\t\t\t\t<div class=\"e-con-inner\">\n\t\t<div class=\"elementor-element elementor-element-4830d60 e-con-full e-flex e-con e-child\" data-id=\"4830d60\" data-element_type=\"container\">\n\t\t\t\t<div class=\"elementor-element elementor-element-0c8a20d elementor-widget elementor-widget-heading\" data-id=\"0c8a20d\" data-element_type=\"widget\" data-widget_type=\"heading.default\">\n\t\t\t\t<div class=\"elementor-widget-container\">\n\t\t\t\t\t<h2 class=\"elementor-heading-title elementor-size-default\">Je r\u00e9serve mon stand<\/h2>\t\t\t\t<\/div>\n\t\t\t\t<\/div>\n\t\t\t\t<div class=\"elementor-element elementor-element-192a0d0 elementor-widget elementor-widget-text-editor\" data-id=\"192a0d0\" data-element_type=\"widget\" data-widget_type=\"text-editor.default\">\n\t\t\t\t<div class=\"elementor-widget-container\">\n\t\t\t\t\t\t\t\t\t<p>Monaco pour l&#8217;Emploi est devenu en seulement 3 ans LE rendez-vous incontournable de l&#8217;emploi en Principaut\u00e9. Avec plus de 5000 visiteurs et des dizaines d&#8217;entreprises participantes, c&#8217;est l&#8217;\u00e9v\u00e9nement qui connecte les talents aux opportunit\u00e9s.<\/p><p><b>R\u00e9servez votre espace privil\u00e9gi\u00e9 pour pr\u00e9senter vos offres d\u2019emploi et promouvoir votre entreprise<\/b><\/p>\t\t\t\t\t\t\t\t<\/div>\n\t\t\t\t<\/div>\n\t\t\t\t<div class=\"elementor-element elementor-element-c3b331a elementor-mobile-align-justify elementor-widget elementor-widget-button\" data-id=\"c3b331a\" data-element_type=\"widget\" data-widget_type=\"button.default\">\n\t\t\t\t<div class=\"elementor-widget-container\">\n\t\t\t\t\t\t\t\t\t<div class=\"elementor-button-wrapper\">\n\t\t\t\t\t<a class=\"elementor-button elementor-button-link elementor-size-sm\" href=\"https:\/\/monacopourlemploi.com\/?page_id=24\">\n\t\t\t\t\t\t<span class=\"elementor-button-content-wrapper\">\n\t\t\t\t\t\t<span class=\"elementor-button-icon\">\n\t\t\t\t<svg aria-hidden=\"true\" class=\"e-font-icon-svg e-fas-long-arrow-alt-right\" viewBox=\"0 0 448 512\" xmlns=\"http:\/\/www.w3.org\/2000\/svg\"><path d=\"M313.941 216H12c-6.627 0-12 5.373-12 12v56c0 6.627 5.373 12 12 12h301.941v46.059c0 21.382 25.851 32.09 40.971 16.971l86.059-86.059c9.373-9.373 9.373-24.569 0-33.941l-86.059-86.059c-15.119-15.119-40.971-4.411-40.971 16.971V216z\"><\/path><\/svg>\t\t\t<\/span>\n\t\t\t\t\t\t\t\t\t<span class=\"elementor-button-text\">Connexion<\/span>\n\t\t\t\t\t<\/span>\n\t\t\t\t\t<\/a>\n\t\t\t\t<\/div>\n\t\t\t\t\t\t\t\t<\/div>\n\t\t\t\t<\/div>\n\t\t\t\t<\/div>\n\t\t<div class=\"elementor-element elementor-element-190bf6e e-con-full e-flex e-con e-child\" data-id=\"190bf6e\" data-element_type=\"container\">\n\t\t\t\t<div class=\"elementor-element elementor-element-77a9a38 elementor-widget elementor-widget-image\" data-id=\"77a9a38\" data-element_type=\"widget\" data-widget_type=\"image.default\">\n\t\t\t\t<div class=\"elementor-widget-container\">\n\t\t\t\t\t\t\t\t\t\t\t\t\t\t\t\t<a href=\"https:\/\/monacopourlemploi.com\/wp-content\/uploads\/2025\/11\/Monaco-pour-lEmploi-partie-2-192-scaled.jpg\" data-elementor-open-lightbox=\"yes\" data-elementor-lightbox-title=\"Monaco pour l&#039;Emploi partie 2 (192)\" data-e-action-hash=\"#elementor-action%3Aaction%3Dlightbox%26settings%3DeyJpZCI6MjIzOCwidXJsIjoiaHR0cHM6XC9cL21vbmFjb3BvdXJsZW1wbG9pLmNvbVwvd3AtY29udGVudFwvdXBsb2Fkc1wvMjAyNVwvMTFcL01vbmFjby1wb3VyLWxFbXBsb2ktcGFydGllLTItMTkyLXNjYWxlZC5qcGcifQ%3D%3D\">\n\t\t\t\t\t\t\t<img fetchpriority=\"high\" decoding=\"async\" width=\"2560\" height=\"1707\" src=\"https:\/\/monacopourlemploi.com\/wp-content\/uploads\/2025\/11\/Monaco-pour-lEmploi-partie-2-192-scaled.jpg\" class=\"attachment-full size-full wp-image-2238\" alt=\"\" srcset=\"https:\/\/monacopourlemploi.com\/wp-content\/uploads\/2025\/11\/Monaco-pour-lEmploi-partie-2-192-scaled.jpg 2560w, https:\/\/monacopourlemploi.com\/wp-content\/uploads\/2025\/11\/Monaco-pour-lEmploi-partie-2-192-300x200.jpg 300w, https:\/\/monacopourlemploi.com\/wp-content\/uploads\/2025\/11\/Monaco-pour-lEmploi-partie-2-192-1024x683.jpg 1024w, https:\/\/monacopourlemploi.com\/wp-content\/uploads\/2025\/11\/Monaco-pour-lEmploi-partie-2-192-768x512.jpg 768w, https:\/\/monacopourlemploi.com\/wp-content\/uploads\/2025\/11\/Monaco-pour-lEmploi-partie-2-192-1536x1024.jpg 1536w, https:\/\/monacopourlemploi.com\/wp-content\/uploads\/2025\/11\/Monaco-pour-lEmploi-partie-2-192-2048x1365.jpg 2048w, https:\/\/monacopourlemploi.com\/wp-content\/uploads\/2025\/11\/Monaco-pour-lEmploi-partie-2-192-650x433.jpg 650w\" sizes=\"(max-width: 2560px) 100vw, 2560px\" \/>\t\t\t\t\t\t\t\t<\/a>\n\t\t\t\t\t\t\t\t\t\t\t\t\t\t\t<\/div>\n\t\t\t\t<\/div>\n\t\t\t\t<\/div>\n\t\t\t\t\t<\/div>\n\t\t\t\t<\/div>\n\t\t<div class=\"elementor-element elementor-element-fcc1488 elementor-hidden-desktop elementor-hidden-tablet elementor-hidden-mobile e-flex e-con-boxed e-con e-parent\" data-id=\"fcc1488\" data-element_type=\"container\">\n\t\t\t\t\t<div class=\"e-con-inner\">\n\t\t<div class=\"elementor-element elementor-element-e767da5 e-con-full e-flex e-con e-child\" data-id=\"e767da5\" data-element_type=\"container\">\n\t\t\t\t<div class=\"elementor-element elementor-element-59a38a8 elementor-widget elementor-widget-heading\" data-id=\"59a38a8\" data-element_type=\"widget\" data-widget_type=\"heading.default\">\n\t\t\t\t<div class=\"elementor-widget-container\">\n\t\t\t\t\t<h2 class=\"elementor-heading-title elementor-size-default\">Entreprises pr\u00e9sentes<\/h2>\t\t\t\t<\/div>\n\t\t\t\t<\/div>\n\t\t\t\t<div class=\"elementor-element elementor-element-a4f2d70 elementor-widget elementor-widget-text-editor\" data-id=\"a4f2d70\" data-element_type=\"widget\" data-widget_type=\"text-editor.default\">\n\t\t\t\t<div class=\"elementor-widget-container\">\n\t\t\t\t\t\t\t\t\tNo expositors present\n\t\t\t\t\t\t\t\t<\/div>\n\t\t\t\t<\/div>\n\t\t\t\t<\/div>\n\t\t\t\t\t<\/div>\n\t\t\t\t<\/div>\n\t\t<div class=\"elementor-element elementor-element-36486a32 elementor-hidden-desktop elementor-hidden-tablet elementor-hidden-mobile e-flex e-con-boxed e-con e-parent\" data-id=\"36486a32\" data-element_type=\"container\">\n\t\t\t\t\t<div class=\"e-con-inner\">\n\t\t\t\t<div class=\"elementor-element elementor-element-2459d0c5 elementor-widget elementor-widget-text-editor\" data-id=\"2459d0c5\" data-element_type=\"widget\" data-widget_type=\"text-editor.default\">\n\t\t\t\t<div class=\"elementor-widget-container\">\n\t\t\t\t\t\t\t\t\t<p>[su_row][su_column size=&#8221;1\/1&#8243; center=&#8221;no&#8221; class=&#8221;&#8221;]<br \/>[su_lightbox type=&#8221;inline&#8221; src=&#8221;#cstm_plan&#8221;]<\/p><h2 class=\"cstm_h2\"><i class=\"fa-solid fa-briefcase\"><\/i> Plan exposition<\/h2><p><img decoding=\"async\" src=\"https:\/\/monacopourlemploi.com\/wp-content\/uploads\/2024\/02\/PLAN_MPE24_WEB_ok.jpg\" \/>[\/su_lightbox]<br \/>[su_lightbox_content id=&#8221;cstm_plan&#8221; width=&#8221;100%&#8221; max_width=&#8221;1250px&#8221; margin=&#8221;45&#8243; padding=&#8221;35&#8243; background=&#8221;#f6f5f5&#8243;]<img decoding=\"async\" src=\"https:\/\/monacopourlemploi.com\/wp-content\/uploads\/2024\/02\/PLAN_MPE24_WEB_ok.jpg\" \/>[\/su_lightbox_content]<br \/>[\/su_column][\/su_row]<\/p><center><a class=\"cstm_bttn_1\" href=\"https:\/\/monacopourlemploi.com\/?page_id=24\"> Connexion <i class=\"fa-solid fa-arrow-right-to-bracket\"><\/i><\/a><\/center><p><br \/>[su_row][su_column size=&#8221;1\/1&#8243; center=&#8221;no&#8221; class=&#8221;&#8221;]<a name=\"EXPOLIST\"><\/a><\/p><h2 class=\"cstm_h2\"><i class=\"fa-solid fa-briefcase\"><\/i> Entreprises pr\u00e9sentes<\/h2><p>No expositors present<br \/>[\/su_column][\/su_row]<br \/>[su_row][su_column size=&#8221;1\/1&#8243; center=&#8221;no&#8221; class=&#8221;&#8221;]<br \/><img decoding=\"async\" src=\"https:\/\/monacopourlemploi.com\/wp-content\/uploads\/2023\/12\/A3_MPE24_low.jpg\" width=\"100%\" \/><br \/>[\/su_column][\/su_row]<\/p>\t\t\t\t\t\t\t\t<\/div>\n\t\t\t\t<\/div>\n\t\t\t\t\t<\/div>\n\t\t\t\t<\/div>\n\t\t\t\t<\/div>\n\t\t <script type=\"text\/javascript\"> if (typeof(f_tFlgVISA) === typeof(Function))  \tf_tFlgVISA(null);  if (typeof(f_tFlgAllergia) === typeof(Function))  \tf_tFlgAllergia(null);  if (typeof(f_IDTipologia) === typeof(Function)) {  \tvar eObjTYPE = document.getElementById(\"id_IDTipologia\");  \tf_IDTipologia(eObjTYPE);  }  if (typeof(f_IDAttivita) === typeof(Function)) {  \tvar etFlgActivity = document.getElementById(\"id_IDAttivita\");  \tf_IDAttivita(etFlgActivity);  }  if (typeof(f_IDNazionalita) === typeof(Function)) {  \tvar etFlgNazionalita = document.getElementById(\"id_IDNazionalita\");  \tf_IDNazionalita(etFlgNazionalita);  }  if (typeof(f_IndFattIDNazione) === typeof(Function))  \tf_IndFattIDNazione(null);  if (typeof(f_IDDomanda16787) === typeof(Function)) {  \tvar etFlgDomanda16787 = document.getElementById(\"id_IDDomanda16787\");  \tif (etFlgDomanda16787 != null) {  \t\tf_IDDomanda16787(etFlgDomanda16787);  \t}  }  if (typeof(f_IDDomanda16793) === typeof(Function)) {  \tvar etFlgDomanda16793 = document.getElementById(\"id_IDDomanda16793\");  \tif (etFlgDomanda16793 != null) {  \t\tf_IDDomanda16793(etFlgDomanda16793);  \t}  }  <\/script>","protected":false},"excerpt":{"rendered":"<p>Je r\u00e9serve mon stand Monaco pour l&#8217;Emploi est devenu en seulement 3 ans LE rendez-vous incontournable de l&#8217;emploi en Principaut\u00e9. Avec plus [&hellip;]<\/p>\n","protected":false},"author":1,"featured_media":0,"parent":1907,"menu_order":1,"comment_status":"closed","ping_status":"closed","template":"","meta":{"footnotes":""},"class_list":["post-299","page","type-page","status-publish","hentry"],"_links":{"self":[{"href":"https:\/\/monacopourlemploi.com\/index.php?rest_route=\/wp\/v2\/pages\/299","targetHints":{"allow":["GET"]}}],"collection":[{"href":"https:\/\/monacopourlemploi.com\/index.php?rest_route=\/wp\/v2\/pages"}],"about":[{"href":"https:\/\/monacopourlemploi.com\/index.php?rest_route=\/wp\/v2\/types\/page"}],"author":[{"embeddable":true,"href":"https:\/\/monacopourlemploi.com\/index.php?rest_route=\/wp\/v2\/users\/1"}],"replies":[{"embeddable":true,"href":"https:\/\/monacopourlemploi.com\/index.php?rest_route=%2Fwp%2Fv2%2Fcomments&post=299"}],"version-history":[{"count":68,"href":"https:\/\/monacopourlemploi.com\/index.php?rest_route=\/wp\/v2\/pages\/299\/revisions"}],"predecessor-version":[{"id":2241,"href":"https:\/\/monacopourlemploi.com\/index.php?rest_route=\/wp\/v2\/pages\/299\/revisions\/2241"}],"up":[{"embeddable":true,"href":"https:\/\/monacopourlemploi.com\/index.php?rest_route=\/wp\/v2\/pages\/1907"}],"wp:attachment":[{"href":"https:\/\/monacopourlemploi.com\/index.php?rest_route=%2Fwp%2Fv2%2Fmedia&parent=299"}],"curies":[{"name":"wp","href":"https:\/\/api.w.org\/{rel}","templated":true}]}}