{"id":2013,"date":"2025-11-01T03:14:40","date_gmt":"2025-11-01T03:14:40","guid":{"rendered":"https:\/\/monacopourlemploi.com\/?page_id=2013"},"modified":"2026-02-11T08:13:38","modified_gmt":"2026-02-11T08:13:38","slug":"nouvelle-company","status":"publish","type":"page","link":"https:\/\/monacopourlemploi.com\/?page_id=2013","title":{"rendered":"Nouvelle entreprise"},"content":{"rendered":"<p><center><\/p>\n<h2>Nouvelle entreprise<\/h2>\n<p><\/center><\/p>\n<h2>Les inscriptions sont actuellement ferm\u00e9es.<\/h2>\n<p><\/p>\n<div class=\"connectLinks\"><center><a href=\"https:\/\/monacopourlemploi.com\/?page_id=24\">Je suis d\u00e9j\u00e0 inscrit<\/a><\/center><\/div>\n<p><\/p>\n<p>&nbsp;<\/p>\n<p>&nbsp;<\/p>\n<p>&nbsp;<\/p>\n<p>&nbsp;<\/p>\n<p>&nbsp;<\/p>\n <script type=\"text\/javascript\"> if (typeof(f_tFlgVISA) === typeof(Function))  \tf_tFlgVISA(null);  if (typeof(f_tFlgAllergia) === typeof(Function))  \tf_tFlgAllergia(null);  if (typeof(f_IDTipologia) === typeof(Function)) {  \tvar eObjTYPE = document.getElementById(\"id_IDTipologia\");  \tf_IDTipologia(eObjTYPE);  }  if (typeof(f_IDAttivita) === typeof(Function)) {  \tvar etFlgActivity = document.getElementById(\"id_IDAttivita\");  \tf_IDAttivita(etFlgActivity);  }  if (typeof(f_IDNazionalita) === typeof(Function)) {  \tvar etFlgNazionalita = document.getElementById(\"id_IDNazionalita\");  \tf_IDNazionalita(etFlgNazionalita);  }  if (typeof(f_IndFattIDNazione) === typeof(Function))  \tf_IndFattIDNazione(null);  if (typeof(f_IDDomanda16787) === typeof(Function)) {  \tvar etFlgDomanda16787 = document.getElementById(\"id_IDDomanda16787\");  \tif (etFlgDomanda16787 != null) {  \t\tf_IDDomanda16787(etFlgDomanda16787);  \t}  }  if (typeof(f_IDDomanda16793) === typeof(Function)) {  \tvar etFlgDomanda16793 = document.getElementById(\"id_IDDomanda16793\");  \tif (etFlgDomanda16793 != null) {  \t\tf_IDDomanda16793(etFlgDomanda16793);  \t}  }  <\/script>","protected":false},"excerpt":{"rendered":"<p>Nouvelle entreprise Les inscriptions sont actuellement ferm\u00e9es. Je suis d\u00e9j\u00e0 inscrit &nbsp; &nbsp; &nbsp; &nbsp; &nbsp;<\/p>\n","protected":false},"author":1,"featured_media":0,"parent":24,"menu_order":0,"comment_status":"closed","ping_status":"closed","template":"","meta":{"footnotes":""},"class_list":["post-2013","page","type-page","status-publish","hentry"],"_links":{"self":[{"href":"https:\/\/monacopourlemploi.com\/index.php?rest_route=\/wp\/v2\/pages\/2013","targetHints":{"allow":["GET"]}}],"collection":[{"href":"https:\/\/monacopourlemploi.com\/index.php?rest_route=\/wp\/v2\/pages"}],"about":[{"href":"https:\/\/monacopourlemploi.com\/index.php?rest_route=\/wp\/v2\/types\/page"}],"author":[{"embeddable":true,"href":"https:\/\/monacopourlemploi.com\/index.php?rest_route=\/wp\/v2\/users\/1"}],"replies":[{"embeddable":true,"href":"https:\/\/monacopourlemploi.com\/index.php?rest_route=%2Fwp%2Fv2%2Fcomments&post=2013"}],"version-history":[{"count":11,"href":"https:\/\/monacopourlemploi.com\/index.php?rest_route=\/wp\/v2\/pages\/2013\/revisions"}],"predecessor-version":[{"id":2301,"href":"https:\/\/monacopourlemploi.com\/index.php?rest_route=\/wp\/v2\/pages\/2013\/revisions\/2301"}],"up":[{"embeddable":true,"href":"https:\/\/monacopourlemploi.com\/index.php?rest_route=\/wp\/v2\/pages\/24"}],"wp:attachment":[{"href":"https:\/\/monacopourlemploi.com\/index.php?rest_route=%2Fwp%2Fv2%2Fmedia&parent=2013"}],"curies":[{"name":"wp","href":"https:\/\/api.w.org\/{rel}","templated":true}]}}