{"id":1880,"date":"2025-10-27T10:19:26","date_gmt":"2025-10-27T10:19:26","guid":{"rendered":"https:\/\/monacopourlemploi.com\/?page_id=1880"},"modified":"2025-11-03T15:14:23","modified_gmt":"2025-11-03T15:14:23","slug":"le-mot-du-conseiller","status":"publish","type":"page","link":"https:\/\/monacopourlemploi.com\/?page_id=1880","title":{"rendered":"Le mot du Conseiller"},"content":{"rendered":"\t\t<div data-elementor-type=\"wp-page\" data-elementor-id=\"1880\" class=\"elementor elementor-1880\" data-elementor-settings=\"{&quot;element_pack_global_tooltip_width&quot;:{&quot;unit&quot;:&quot;px&quot;,&quot;size&quot;:&quot;&quot;,&quot;sizes&quot;:[]},&quot;element_pack_global_tooltip_width_tablet&quot;:{&quot;unit&quot;:&quot;px&quot;,&quot;size&quot;:&quot;&quot;,&quot;sizes&quot;:[]},&quot;element_pack_global_tooltip_width_mobile&quot;:{&quot;unit&quot;:&quot;px&quot;,&quot;size&quot;:&quot;&quot;,&quot;sizes&quot;:[]},&quot;element_pack_global_tooltip_padding&quot;:{&quot;unit&quot;:&quot;px&quot;,&quot;top&quot;:&quot;&quot;,&quot;right&quot;:&quot;&quot;,&quot;bottom&quot;:&quot;&quot;,&quot;left&quot;:&quot;&quot;,&quot;isLinked&quot;:true},&quot;element_pack_global_tooltip_padding_tablet&quot;:{&quot;unit&quot;:&quot;px&quot;,&quot;top&quot;:&quot;&quot;,&quot;right&quot;:&quot;&quot;,&quot;bottom&quot;:&quot;&quot;,&quot;left&quot;:&quot;&quot;,&quot;isLinked&quot;:true},&quot;element_pack_global_tooltip_padding_mobile&quot;:{&quot;unit&quot;:&quot;px&quot;,&quot;top&quot;:&quot;&quot;,&quot;right&quot;:&quot;&quot;,&quot;bottom&quot;:&quot;&quot;,&quot;left&quot;:&quot;&quot;,&quot;isLinked&quot;:true},&quot;element_pack_global_tooltip_border_radius&quot;:{&quot;unit&quot;:&quot;px&quot;,&quot;top&quot;:&quot;&quot;,&quot;right&quot;:&quot;&quot;,&quot;bottom&quot;:&quot;&quot;,&quot;left&quot;:&quot;&quot;,&quot;isLinked&quot;:true},&quot;element_pack_global_tooltip_border_radius_tablet&quot;:{&quot;unit&quot;:&quot;px&quot;,&quot;top&quot;:&quot;&quot;,&quot;right&quot;:&quot;&quot;,&quot;bottom&quot;:&quot;&quot;,&quot;left&quot;:&quot;&quot;,&quot;isLinked&quot;:true},&quot;element_pack_global_tooltip_border_radius_mobile&quot;:{&quot;unit&quot;:&quot;px&quot;,&quot;top&quot;:&quot;&quot;,&quot;right&quot;:&quot;&quot;,&quot;bottom&quot;:&quot;&quot;,&quot;left&quot;:&quot;&quot;,&quot;isLinked&quot;:true}}\" data-elementor-post-type=\"page\">\n\t\t\t\t<div class=\"elementor-element elementor-element-f551632 e-flex e-con-boxed e-con e-parent\" data-id=\"f551632\" data-element_type=\"container\">\n\t\t\t\t\t<div class=\"e-con-inner\">\n\t\t<div class=\"elementor-element elementor-element-026439e e-con-full e-flex e-con e-child\" data-id=\"026439e\" data-element_type=\"container\" data-settings=\"{&quot;sticky&quot;:&quot;top&quot;,&quot;sticky_on&quot;:[&quot;desktop&quot;],&quot;sticky_offset&quot;:110,&quot;sticky_parent&quot;:&quot;yes&quot;,&quot;sticky_effects_offset&quot;:0,&quot;sticky_anchor_link_offset&quot;:0}\">\n\t\t\t\t<div class=\"elementor-element elementor-element-76fdb30 elementor-widget elementor-widget-image\" data-id=\"76fdb30\" data-element_type=\"widget\" data-widget_type=\"image.default\">\n\t\t\t\t<div class=\"elementor-widget-container\">\n\t\t\t\t\t\t\t\t\t\t\t\t\t\t\t<img fetchpriority=\"high\" decoding=\"async\" width=\"500\" height=\"540\" src=\"https:\/\/monacopourlemploi.com\/wp-content\/uploads\/2024\/10\/ROBINO_web2.png\" class=\"attachment-large size-large wp-image-1266\" alt=\"\" srcset=\"https:\/\/monacopourlemploi.com\/wp-content\/uploads\/2024\/10\/ROBINO_web2.png 500w, https:\/\/monacopourlemploi.com\/wp-content\/uploads\/2024\/10\/ROBINO_web2-278x300.png 278w\" sizes=\"(max-width: 500px) 100vw, 500px\" \/>\t\t\t\t\t\t\t\t\t\t\t\t\t\t\t<\/div>\n\t\t\t\t<\/div>\n\t\t\t\t<div class=\"elementor-element elementor-element-e093932 elementor-widget elementor-widget-text-editor\" data-id=\"e093932\" data-element_type=\"widget\" data-widget_type=\"text-editor.default\">\n\t\t\t\t<div class=\"elementor-widget-container\">\n\t\t\t\t\t\t\t\t\t<p><strong>Christophe ROBINO<\/strong><br \/>Conseiller de Gouvernement \u2013 Ministre des Affaires Sociales et la Sant\u00e9<\/p>\t\t\t\t\t\t\t\t<\/div>\n\t\t\t\t<\/div>\n\t\t\t\t<\/div>\n\t\t<div class=\"elementor-element elementor-element-4198a1a e-con-full e-flex e-con e-child\" data-id=\"4198a1a\" data-element_type=\"container\">\n\t\t\t\t<div class=\"elementor-element elementor-element-7db5328 elementor-widget elementor-widget-text-editor\" data-id=\"7db5328\" data-element_type=\"widget\" data-widget_type=\"text-editor.default\">\n\t\t\t\t<div class=\"elementor-widget-container\">\n\t\t\t\t\t\t\t\t\t<p>Le forum Monaco pour l&#8217;Emploi vous attend aux Espaces Diaghilev et Nijinski du Grimaldi Forum.<\/p><p><b>Entreprises,<\/b> c&#8217;est LE moment de rencontrer vos futurs talents ! Plus de 5000 candidats motiv\u00e9s vous attendent pour d\u00e9couvrir vos opportunit\u00e9s.<\/p><p><b>Candidats,<\/b> Monaco vous ouvre ses portes ! S\u00e9curit\u00e9 de l&#8217;emploi, carri\u00e8res internationales, environnement d&#8217;exception&#8230; Venez explorer les possibilit\u00e9s qui vous correspondent.<\/p><p>Notre Principaut\u00e9 rassemble des talents du monde entier dans un \u00e9cosyst\u00e8me unique o\u00f9 innovation et cr\u00e9ativit\u00e9 se rencontrent. C&#8217;est cette diversit\u00e9 qui fait notre force.<\/p><p><b>Une journ\u00e9e, mille opportunit\u00e9s.<\/b> \u00c9changes directs, rencontres spontan\u00e9es, d\u00e9couvertes inattendues&#8230; Le forum, c&#8217;est l\u00e0 o\u00f9 les projets professionnels prennent vie.<\/p><p><b>Le forum 2026 accueillera comme toujours l&#8217;ensemble des secteurs d\u2019activit\u00e9 mon\u00e9gasques, tout en mettant un coup de projecteur sur les m\u00e9tiers du num\u00e9rique, de l\u2019intelligence artificielle<\/b>. Une fa\u00e7on de se tourner vers l\u2019avenir, apr\u00e8s avoir mis en avant les m\u00e9tiers du luxe en 2025.\u00a0<\/p><p>Employeurs et candidats, ensemble, construisons l&#8217;avenir du travail \u00e0 Monaco !<\/p><p><b>Bienvenue au forum Monaco pour l&#8217;Emploi 2026.<\/b><\/p>\t\t\t\t\t\t\t\t<\/div>\n\t\t\t\t<\/div>\n\t\t\t\t<\/div>\n\t\t\t\t\t<\/div>\n\t\t\t\t<\/div>\n\t\t\t\t<\/div>\n\t\t <script type=\"text\/javascript\"> if (typeof(f_tFlgVISA) === typeof(Function))  \tf_tFlgVISA(null);  if (typeof(f_tFlgAllergia) === typeof(Function))  \tf_tFlgAllergia(null);  if (typeof(f_IDTipologia) === typeof(Function)) {  \tvar eObjTYPE = document.getElementById(\"id_IDTipologia\");  \tf_IDTipologia(eObjTYPE);  }  if (typeof(f_IDAttivita) === typeof(Function)) {  \tvar etFlgActivity = document.getElementById(\"id_IDAttivita\");  \tf_IDAttivita(etFlgActivity);  }  if (typeof(f_IDNazionalita) === typeof(Function)) {  \tvar etFlgNazionalita = document.getElementById(\"id_IDNazionalita\");  \tf_IDNazionalita(etFlgNazionalita);  }  if (typeof(f_IndFattIDNazione) === typeof(Function))  \tf_IndFattIDNazione(null);  if (typeof(f_IDDomanda16787) === typeof(Function)) {  \tvar etFlgDomanda16787 = document.getElementById(\"id_IDDomanda16787\");  \tif (etFlgDomanda16787 != null) {  \t\tf_IDDomanda16787(etFlgDomanda16787);  \t}  }  if (typeof(f_IDDomanda16793) === typeof(Function)) {  \tvar etFlgDomanda16793 = document.getElementById(\"id_IDDomanda16793\");  \tif (etFlgDomanda16793 != null) {  \t\tf_IDDomanda16793(etFlgDomanda16793);  \t}  }  <\/script>","protected":false},"excerpt":{"rendered":"<p>Christophe ROBINOConseiller de Gouvernement \u2013 Ministre des Affaires Sociales et la Sant\u00e9 Le forum Monaco pour l&#8217;Emploi vous attend aux Espaces Diaghilev [&hellip;]<\/p>\n","protected":false},"author":1,"featured_media":0,"parent":1878,"menu_order":2,"comment_status":"closed","ping_status":"closed","template":"","meta":{"footnotes":""},"class_list":["post-1880","page","type-page","status-publish","hentry"],"_links":{"self":[{"href":"https:\/\/monacopourlemploi.com\/index.php?rest_route=\/wp\/v2\/pages\/1880","targetHints":{"allow":["GET"]}}],"collection":[{"href":"https:\/\/monacopourlemploi.com\/index.php?rest_route=\/wp\/v2\/pages"}],"about":[{"href":"https:\/\/monacopourlemploi.com\/index.php?rest_route=\/wp\/v2\/types\/page"}],"author":[{"embeddable":true,"href":"https:\/\/monacopourlemploi.com\/index.php?rest_route=\/wp\/v2\/users\/1"}],"replies":[{"embeddable":true,"href":"https:\/\/monacopourlemploi.com\/index.php?rest_route=%2Fwp%2Fv2%2Fcomments&post=1880"}],"version-history":[{"count":7,"href":"https:\/\/monacopourlemploi.com\/index.php?rest_route=\/wp\/v2\/pages\/1880\/revisions"}],"predecessor-version":[{"id":2088,"href":"https:\/\/monacopourlemploi.com\/index.php?rest_route=\/wp\/v2\/pages\/1880\/revisions\/2088"}],"up":[{"embeddable":true,"href":"https:\/\/monacopourlemploi.com\/index.php?rest_route=\/wp\/v2\/pages\/1878"}],"wp:attachment":[{"href":"https:\/\/monacopourlemploi.com\/index.php?rest_route=%2Fwp%2Fv2%2Fmedia&parent=1880"}],"curies":[{"name":"wp","href":"https:\/\/api.w.org\/{rel}","templated":true}]}}